{"id":55,"date":"2018-12-16T17:43:30","date_gmt":"2018-12-16T16:43:30","guid":{"rendered":"http:\/\/www.france-frelon.fr\/?page_id=55"},"modified":"2026-01-14T21:07:50","modified_gmt":"2026-01-14T20:07:50","slug":"politique-de-confidentialite","status":"publish","type":"page","link":"https:\/\/www.france-frelon.fr\/?page_id=55","title":{"rendered":"Politique de Confidentialit\u00e9"},"content":{"rendered":"<p>[et_pb_section fb_built=\u00a0\u00bb1&Prime; _builder_version=\u00a0\u00bb4.16&Prime; global_colors_info=\u00a0\u00bb{}\u00a0\u00bb][et_pb_row use_custom_gutter=\u00a0\u00bbon\u00a0\u00bb gutter_width=\u00a0\u00bb2&Prime; module_class=\u00a0\u00bb et_pb_row_fullwidth\u00a0\u00bb _builder_version=\u00a0\u00bb4.16&Prime; background_size=\u00a0\u00bbinitial\u00a0\u00bb background_position=\u00a0\u00bbtop_left\u00a0\u00bb background_repeat=\u00a0\u00bbrepeat\u00a0\u00bb width=\u00a0\u00bb94%\u00a0\u00bb width_tablet=\u00a0\u00bb80%\u00a0\u00bb width_phone=\u00a0\u00bb\u00a0\u00bb width_last_edited=\u00a0\u00bbon|desktop\u00a0\u00bb max_width=\u00a0\u00bb94%\u00a0\u00bb max_width_tablet=\u00a0\u00bb80%\u00a0\u00bb max_width_phone=\u00a0\u00bb\u00a0\u00bb max_width_last_edited=\u00a0\u00bbon|desktop\u00a0\u00bb make_fullwidth=\u00a0\u00bbon\u00a0\u00bb global_colors_info=\u00a0\u00bb{}\u00a0\u00bb][et_pb_column type=\u00a0\u00bb4_4&Prime; _builder_version=\u00a0\u00bb4.16&Prime; custom_padding=\u00a0\u00bb|||\u00a0\u00bb global_colors_info=\u00a0\u00bb{}\u00a0\u00bb custom_padding__hover=\u00a0\u00bb|||\u00a0\u00bb][et_pb_text _builder_version=\u00a0\u00bb4.27.5&Prime; custom_margin=\u00a0\u00bb|||\u00a0\u00bb hover_enabled=\u00a0\u00bb0&Prime; global_colors_info=\u00a0\u00bb{}\u00a0\u00bb sticky_enabled=\u00a0\u00bb0&Prime;]<\/p>\n<div class=\" et_pb_row et_pb_row_0\">\n<div class=\"et_pb_column et_pb_column_4_4 et_pb_column_0 et-last-child\">\n<div class=\"et_pb_text et_pb_module et_pb_bg_layout_light et_pb_text_align_left et_pb_text_0\">\n<div class=\"et_pb_text_inner\">\n<div class=\"et_pb_text et_pb_module et_pb_bg_layout_light et_pb_text_align_left et_pb_text_0\">\n<div class=\"et_pb_text_inner\">\n<div class=\"et_pb_row et_pb_row_0\">\n<div class=\"et_pb_column et_pb_column_4_4 et_pb_column_0 et_pb_css_mix_blend_mode_passthrough et-last-child\">\n<div class=\"et_pb_module et_pb_text et_pb_text_0 et_pb_bg_layout_light et_pb_text_align_left\">\n<div class=\"et_pb_text_inner\">\n<div class=\"et_pb_row et_pb_row_0\">\n<div class=\"et_pb_column et_pb_column_4_4 et_pb_column_0 et_pb_css_mix_blend_mode_passthrough et-last-child\">\n<div class=\"et_pb_module et_pb_text et_pb_text_0 et_pb_bg_layout_light et_pb_text_align_left\">\n<div class=\"et_pb_text_inner\">\n<h1 style=\"text-align: center;\">POLITIQUE DE CONFIDENTIALIT\u00c9<\/h1>\n<p>&nbsp;<\/p>\n<p><strong>Utilisation des donn\u00e9es personnelles collect\u00e9es<\/strong><\/p>\n<p><strong>1-Commentaires<\/strong><\/p>\n<p>Quand vous laissez un commentaire sur notre site web, les donn\u00e9es inscrites dans le formulaire de commentaire, mais aussi votre adresse IP et l\u2019agent utilisateur de votre navigateur sont collect\u00e9s pour nous aider \u00e0 la d\u00e9tection des commentaires ind\u00e9sirables.<\/p>\n<p>Une cha\u00eene anonymis\u00e9e cr\u00e9\u00e9e \u00e0 partir de votre adresse de messagerie (\u00e9galement appel\u00e9e hash) peut \u00eatre envoy\u00e9e au service Gravatar pour v\u00e9rifier si vous utilisez ce dernier. Les clauses de confidentialit\u00e9 du service Gravatar sont disponibles ici : https:\/\/automattic.com\/privacy\/. Apr\u00e8s validation de votre commentaire, votre photo de profil sera visible publiquement \u00e0 c\u00f4t\u00e9 de votre commentaire.<\/p>\n<p><strong>2-Cookies<\/strong><\/p>\n<p>Si vous d\u00e9posez un commentaire sur notre site, il vous sera propos\u00e9 d\u2019enregistrer votre nom, adresse de messagerie et site web dans des cookies. C\u2019est uniquement pour votre confort afin de ne pas avoir \u00e0 saisir ces informations si vous d\u00e9posez un autre commentaire plus tard. Ces cookies expirent au bout d\u2019un an.<\/p>\n<p>Si vous avez un compte et que vous vous connectez sur ce site, un cookie temporaire sera cr\u00e9\u00e9 afin de d\u00e9terminer si votre navigateur accepte les cookies. Il ne contient pas de donn\u00e9es personnelles et sera supprim\u00e9 automatiquement \u00e0 la fermeture de votre navigateur.<\/p>\n<p>Lorsque vous vous connecterez, nous mettrons en place un certain nombre de cookies pour enregistrer vos informations de connexion et vos pr\u00e9f\u00e9rences d\u2019\u00e9cran. La dur\u00e9e de vie d\u2019un cookie de connexion est de deux jours, celle d\u2019un cookie d\u2019option d\u2019\u00e9cran est d\u2019un an. Si vous cochez \u00ab\u00a0Se souvenir de moi\u00a0\u00bb, votre cookie de connexion sera conserv\u00e9 pendant deux semaines. Si vous vous d\u00e9connectez de votre compte, le cookie de connexion sera effac\u00e9.<\/p>\n<p>En modifiant ou en publiant un article, un cookie suppl\u00e9mentaire sera enregistr\u00e9 dans votre navigateur. Ce cookie ne comprend aucune donn\u00e9e personnelle. Il indique simplement l\u2019identifiant de l\u2019article que vous venez de modifier. Il expire au bout d\u2019un jour.<\/p>\n<p><strong>3-Contenu embarqu\u00e9 depuis d\u2019autres sites<\/strong><\/p>\n<p>Les articles de ce site peuvent inclure des contenus int\u00e9gr\u00e9s (par exemple des vid\u00e9os, images, articles\u2026). Le contenu int\u00e9gr\u00e9 depuis d\u2019autres sites se comporte de la m\u00eame mani\u00e8re que si le visiteur se rendait sur cet autre site.<\/p>\n<p>Ces sites web pourraient collecter des donn\u00e9es sur vous, utiliser des cookies, embarquer des outils de suivis tiers, suivre vos interactions avec ces contenus embarqu\u00e9s si vous disposez d\u2019un compte connect\u00e9 sur leur site web.<\/p>\n<p><strong>Utilisation et transmission de vos donn\u00e9es personnelles<\/strong><\/p>\n<p><strong>1-Type de donn\u00e9es<\/strong><\/p>\n<p>Nous collectons toutes les informations que vous communiquez sur le Site (ex : sur les formulaires \u00ab contacts \u00bb, lors de votre navigation), ou par tout autre moyen, l\u2019envoi d\u2019emails notamment vos nom, pr\u00e9nom, adresse, num\u00e9ro de t\u00e9l\u00e9phone, adresse mail.<\/p>\n<p>Sous r\u00e9serve de votre accord expr\u00e8s, dans le cas o\u00f9 vous avez coch\u00e9 la case pr\u00e9vue \u00e0 cet effet sur le formulaire de collecte de vos donn\u00e9es ou tout autre document notamment contractuel impliquant une collecte et un traitement de vos donn\u00e9es, nous utilisons vos donn\u00e9es pour vous faire parvenir des informations sur nos offres de produits et services et notre actualit\u00e9.<\/p>\n<p>Si vous avez activ\u00e9 la g\u00e9olocalisation de votre t\u00e9l\u00e9phone, nous serons en mesure, sous r\u00e9serve de vos droits, de mettre en avant des services ou vous proposez des offres adapt\u00e9es \u00e0 votre position g\u00e9ographique.<\/p>\n<p>Par ailleurs, nous nous r\u00e9servons le droit de rassembler et de publier les informations g\u00e9n\u00e9riques relatives aux profils des visiteurs de notre Site sans toutefois, par l\u2019utilisation d\u2019un proc\u00e9d\u00e9 d\u2019anonymisation adapt\u00e9, indiquer de donn\u00e9es nominatives telles que le nom et les adresses des visiteurs.<\/p>\n<p>Nous pouvons \u00e9galement collecter des informations statistiques afin de conna\u00eetre l\u2019utilisation que les visiteurs font du Site (fr\u00e9quence de consultation des diff\u00e9rentes pages du site, statistiques de vente et provenance des visiteurs du Site, etc).<\/p>\n<p>Les informations relatives au profil des visiteurs sont conserv\u00e9es et ne seront utilis\u00e9es qu\u2019en interne.<\/p>\n<p><strong>2-But de la collecte<\/strong><\/p>\n<p>Nous utilisons vos donn\u00e9es pour r\u00e9pondre \u00e0 vos demandes et vous permettre de b\u00e9n\u00e9ficier de nos services tels que : la demande d\u2019informations concernant nos offres de produits et services, l\u2019int\u00e9gration vos avis, l\u2019envoi d\u2019un devis, la facturation ou la composition d\u2019un dossier client.<\/p>\n<p><strong>3-Dur\u00e9es de stockage de vos donn\u00e9es<\/strong><\/p>\n<p>Si vous laissez un commentaire, le commentaire et ses m\u00e9tadonn\u00e9es sont conserv\u00e9s ind\u00e9finiment. Cela permet de reconna\u00eetre et approuver automatiquement les commentaires suivants au lieu de les laisser dans la file de mod\u00e9ration.<\/p>\n<p>Pour les utilisateurs et utilisatrices qui s\u2019enregistrent sur notre site (si cela est possible), nous stockons \u00e9galement les donn\u00e9es personnelles indiqu\u00e9es dans leur profil. Tous les utilisateurs et utilisatrices peuvent voir, modifier ou supprimer leurs informations personnelles \u00e0 tout moment (\u00e0 l\u2019exception de leur nom d\u2019utilisateur\u00b7ice). Les gestionnaires du site peuvent aussi voir et modifier ces informations.<\/p>\n<p>Nous pouvons conserver vos donn\u00e9es marketing durant 3 ans maximum et vos donn\u00e9es li\u00e9es \u00e0 la facturation des commandes jusqu\u2019\u00e0 6 ans maximum sauf si vous faites exercer votre droit de suppression.<\/p>\n<p><strong>4-\u00a0Qui a acc\u00e8s \u00e0 vos donn\u00e9es ?<\/strong><\/p>\n<p>Notre service interne est habilit\u00e9 \u00e0 traiter vos donn\u00e9es pour r\u00e9pondre \u00e0 vos demandes et pour le bon fonctionnement des services propos\u00e9s sur le Site.<\/p>\n<p><strong>5 \u2013 Les droits que vous avez sur vos donn\u00e9es<\/strong><\/p>\n<p>Dans les limites et r\u00e9serves port\u00e9es par la loi vous disposez de droits sur les donn\u00e9es qui vous concernent (articles 15 \u00e0 20 du RGPD). Ces droits sont :<\/p>\n<p>\u2013 le droit d\u2019obtenir la confirmation que vos donn\u00e9es sont bien trait\u00e9es et les modalit\u00e9s de traitement de ces donn\u00e9es.<br \/>\u2013 le droit d\u2019acc\u00e9der \u00e0 vos donn\u00e9es.<br \/>\u2013 le droit de rectifier les donn\u00e9es qui sont inexactes ou incompl\u00e8tes.<br \/>\u2013 le droit de demander l\u2019effacement des donn\u00e9es qui n\u2019ont plus \u00e0 \u00eatre conserv\u00e9es.<br \/>\u2013 de d\u00e9cider du sort de vos donn\u00e9es post-mortem, aupr\u00e8s d\u2019un tiers de confiance certifi\u00e9 par la Cnil.<br \/>\u2013 le droit \u00e0 la limitation du traitement de vos donn\u00e9es si vos donn\u00e9es \u00e9taient utilis\u00e9es<br \/>\u2013 le droit \u00e0 la notification des mises \u00e0 jour de vos donn\u00e9es.<br \/>\u2013 le droit \u00e0 la portabilit\u00e9 des donn\u00e9es qui vous avez fournies selon des proc\u00e9d\u00e9s automatis\u00e9s.<br \/>\u2013 le droit d\u2019opposition pour motif l\u00e9gitime au traitement de vos donn\u00e9es, ou simplement \u00e0 de la prospection commerciale.<br \/>Pour exercer ces droits, vous devez justifier de votre identit\u00e9 et en faire la demande, sur notre e-mail de contact.<\/p>\n<p><strong>6-Localisation et transmission des donn\u00e9es<\/strong><\/p>\n<p>Par principe, vos donn\u00e9es sont conserv\u00e9es en France et restent chez nous et notre h\u00e9bergeur. Aucune des donn\u00e9es trait\u00e9es et collect\u00e9es n\u2019est transf\u00e9r\u00e9e vers un pays tiers hors de l\u2019Union europ\u00e9enne ou dans un pays ne pr\u00e9sentant pas un niveau de protection consid\u00e9r\u00e9e par la Commission Europ\u00e9enne comme ad\u00e9quate.<\/p>\n<p>Les commentaires des visiteurs peuvent \u00eatre v\u00e9rifi\u00e9s \u00e0 l\u2019aide d\u2019un service automatis\u00e9 de d\u00e9tection des commentaires ind\u00e9sirables.<\/p>\n<p><strong>Informations suppl\u00e9mentaires<\/strong><\/p>\n<p><strong>1- La protection de vos donn\u00e9es<\/strong><\/p>\n<p>Conform\u00e9ment \u00e0 la loi Informatique et Libert\u00e9s et au RGPD, nous mettons en \u0153uvre les mesures techniques et organisationnelles appropri\u00e9es afin de garantir un niveau de s\u00e9curit\u00e9 adapt\u00e9 au risque et permettant de pr\u00e9venir notamment la destruction, la perte, l\u2019alt\u00e9ration, la divulgation non autoris\u00e9e, ou l\u2019acc\u00e8s non autoris\u00e9 \u00e0 vos Donn\u00e9es.<\/p>\n<p>Nous nous effor\u00e7ons de mettre en place toutes pr\u00e9cautions utiles pour pr\u00e9server la confidentialit\u00e9 et la s\u00e9curit\u00e9 des donn\u00e9es personnelles trait\u00e9es et emp\u00eacher qu\u2019elles ne soient d\u00e9form\u00e9es, endommag\u00e9es, d\u00e9truites ou que des tiers non autoris\u00e9s y aient acc\u00e8s. Les mesures de s\u00e9curit\u00e9 technique et organisationnelle conformes \u00e0 l\u2019\u00e9tat de l\u2019art, notamment pour ce qui rel\u00e8ve des syst\u00e8mes d\u2019information, ont \u00e9t\u00e9 instaur\u00e9es. Cependant, la soci\u00e9t\u00e9 ne ma\u00eetrise pas tous les risques li\u00e9s au fonctionnement d\u2019Internet et attire l\u2019attention des visiteurs sur l\u2019existence d\u2019\u00e9ventuels risques inh\u00e9rents \u00e0 son utilisation et \u00e0 son fonctionnement.<\/p>\n<p><strong>2-\u00a0Proc\u00e9dures mises en \u0153uvre en cas de fuite de donn\u00e9es<\/strong><\/p>\n<p>En cas de fuite de donn\u00e9es, l\u2019ensemble des personnes pr\u00e9sentent dans nos fichiers seront imm\u00e9diatement pr\u00e9venues par mail. De plus, nous mettrons tout en place pour trouver les raisons de la fuite et la stopper le plus rapidement possible.<\/p>\n<p><strong>3-La CNIL<\/strong><\/p>\n<p>Nous avons proc\u00e9d\u00e9 aux formalit\u00e9s pr\u00e9alables impos\u00e9es par la loi Informatique et Libert\u00e9s aupr\u00e8s de la CNIL : d\u00e9claration n\u00b02145941 v1 en date du 25 janvier 2018.<\/p>\n<p>Nous vous rappelons que vous pouvez contacter la CNIL directement sur le site internet<span>\u00a0<\/span><a href=\"https:\/\/www.google.com\/url?sa=D&amp;q=https:\/\/www.cnil.fr\/fr\/agir&amp;ust=1765990680000000&amp;usg=AOvVaw1_IfRkznUlXZQxiKUNW663&amp;hl=fr&amp;source=gmail\">https:\/\/www.cnil.fr\/fr\/agir<\/a><span>\u00a0<\/span>ou par courrier \u00e0 l\u2019adresse suivante : Commission Nationale de l\u2019Informatique et des Libert\u00e9s, 3 Place de Fontenoy \u2013 TSA 80715, 75334 PARIS CEDEX 07.<\/p>\n<p><strong>4-BlocTel<\/strong><\/p>\n<p>Nous vous informons de l\u2019existence de la liste d\u2019opposition au d\u00e9marchage t\u00e9l\u00e9phonique \u00ab Bloctel \u00bb, sur laquelle vous pouvez vous inscrire ici : https:\/\/conso.bloctel.fr\/<\/p>\n<\/div>\n<\/div>\n<\/div>\n<\/div>\n<\/div>\n<\/div>\n<\/div>\n<\/div>\n<\/div>\n<\/div>\n<\/div>\n<\/div>\n<\/div>\n<\/div>\n<menu id=\"fcltHTML5Menu1\" type=\"context\"><\/menu>\n<p>[\/et_pb_text][\/et_pb_column][\/et_pb_row][\/et_pb_section]<\/p>\n","protected":false},"excerpt":{"rendered":"<p>POLITIQUE DE CONFIDENTIALIT\u00c9 &nbsp; Utilisation des donn\u00e9es personnelles collect\u00e9es 1-Commentaires Quand vous laissez un commentaire sur notre site web, les donn\u00e9es inscrites dans le formulaire de commentaire, mais aussi votre adresse IP et l\u2019agent utilisateur de votre navigateur sont collect\u00e9s pour nous aider \u00e0 la d\u00e9tection des commentaires ind\u00e9sirables. Une cha\u00eene anonymis\u00e9e cr\u00e9\u00e9e \u00e0 partir de votre adresse de messagerie (\u00e9galement appel\u00e9e hash) peut \u00eatre envoy\u00e9e au service Gravatar pour v\u00e9rifier si vous utilisez ce dernier. Les clauses de confidentialit\u00e9 du service Gravatar sont disponibles ici : https:\/\/automattic.com\/privacy\/. Apr\u00e8s validation de votre commentaire, votre photo de profil sera visible publiquement \u00e0 c\u00f4t\u00e9 de votre commentaire. 2-Cookies Si vous d\u00e9posez un commentaire sur notre site, il vous sera propos\u00e9 d\u2019enregistrer votre nom, adresse de messagerie et site web dans des cookies. C\u2019est uniquement pour votre confort afin de ne pas avoir \u00e0 saisir ces informations si vous d\u00e9posez un autre commentaire plus tard. Ces cookies expirent au bout d\u2019un an. Si vous avez un compte et que vous vous connectez sur ce site, un cookie temporaire sera cr\u00e9\u00e9 afin de d\u00e9terminer si votre navigateur accepte les cookies. Il ne contient pas de donn\u00e9es personnelles et sera supprim\u00e9 automatiquement \u00e0 la fermeture [&hellip;]<\/p>\n","protected":false},"author":1,"featured_media":0,"parent":0,"menu_order":0,"comment_status":"closed","ping_status":"open","template":"","meta":{"_et_pb_use_builder":"on","_et_pb_old_content":"","_et_gb_content_width":"","footnotes":""},"class_list":["post-55","page","type-page","status-publish","hentry"],"yoast_head":"<!-- This site is optimized with the Yoast SEO plugin v27.4 - https:\/\/yoast.com\/product\/yoast-seo-wordpress\/ -->\n<title>Politique de Confidentialit\u00e9 - France Frelon<\/title>\n<meta name=\"robots\" content=\"index, follow, max-snippet:-1, max-image-preview:large, max-video-preview:-1\" \/>\n<link rel=\"canonical\" href=\"https:\/\/www.france-frelon.fr\/?page_id=55\" \/>\n<meta property=\"og:locale\" content=\"fr_FR\" \/>\n<meta property=\"og:type\" content=\"article\" \/>\n<meta property=\"og:title\" content=\"Politique de Confidentialit\u00e9 - France Frelon\" \/>\n<meta property=\"og:description\" content=\"POLITIQUE DE CONFIDENTIALIT\u00c9 &nbsp; Utilisation des donn\u00e9es personnelles collect\u00e9es 1-Commentaires Quand vous laissez un commentaire sur notre site web, les donn\u00e9es inscrites dans le formulaire de commentaire, mais aussi votre adresse IP et l\u2019agent utilisateur de votre navigateur sont collect\u00e9s pour nous aider \u00e0 la d\u00e9tection des commentaires ind\u00e9sirables. Une cha\u00eene anonymis\u00e9e cr\u00e9\u00e9e \u00e0 partir de votre adresse de messagerie (\u00e9galement appel\u00e9e hash) peut \u00eatre envoy\u00e9e au service Gravatar pour v\u00e9rifier si vous utilisez ce dernier. Les clauses de confidentialit\u00e9 du service Gravatar sont disponibles ici : https:\/\/automattic.com\/privacy\/. Apr\u00e8s validation de votre commentaire, votre photo de profil sera visible publiquement \u00e0 c\u00f4t\u00e9 de votre commentaire. 2-Cookies Si vous d\u00e9posez un commentaire sur notre site, il vous sera propos\u00e9 d\u2019enregistrer votre nom, adresse de messagerie et site web dans des cookies. C\u2019est uniquement pour votre confort afin de ne pas avoir \u00e0 saisir ces informations si vous d\u00e9posez un autre commentaire plus tard. Ces cookies expirent au bout d\u2019un an. Si vous avez un compte et que vous vous connectez sur ce site, un cookie temporaire sera cr\u00e9\u00e9 afin de d\u00e9terminer si votre navigateur accepte les cookies. Il ne contient pas de donn\u00e9es personnelles et sera supprim\u00e9 automatiquement \u00e0 la fermeture [&hellip;]\" \/>\n<meta property=\"og:url\" content=\"https:\/\/www.france-frelon.fr\/?page_id=55\" \/>\n<meta property=\"og:site_name\" content=\"France Frelon\" \/>\n<meta property=\"article:modified_time\" content=\"2026-01-14T20:07:50+00:00\" \/>\n<meta name=\"twitter:card\" content=\"summary_large_image\" \/>\n<meta name=\"twitter:label1\" content=\"Dur\u00e9e de lecture estim\u00e9e\" \/>\n\t<meta name=\"twitter:data1\" content=\"8 minutes\" \/>\n<script type=\"application\/ld+json\" class=\"yoast-schema-graph\">{\"@context\":\"https:\\\/\\\/schema.org\",\"@graph\":[{\"@type\":\"WebPage\",\"@id\":\"https:\\\/\\\/www.france-frelon.fr\\\/?page_id=55\",\"url\":\"https:\\\/\\\/www.france-frelon.fr\\\/?page_id=55\",\"name\":\"Politique de Confidentialit\u00e9 - France Frelon\",\"isPartOf\":{\"@id\":\"https:\\\/\\\/www.france-frelon.fr\\\/#website\"},\"datePublished\":\"2018-12-16T16:43:30+00:00\",\"dateModified\":\"2026-01-14T20:07:50+00:00\",\"breadcrumb\":{\"@id\":\"https:\\\/\\\/www.france-frelon.fr\\\/?page_id=55#breadcrumb\"},\"inLanguage\":\"fr-FR\",\"potentialAction\":[{\"@type\":\"ReadAction\",\"target\":[\"https:\\\/\\\/www.france-frelon.fr\\\/?page_id=55\"]}]},{\"@type\":\"BreadcrumbList\",\"@id\":\"https:\\\/\\\/www.france-frelon.fr\\\/?page_id=55#breadcrumb\",\"itemListElement\":[{\"@type\":\"ListItem\",\"position\":1,\"name\":\"Accueil\",\"item\":\"https:\\\/\\\/www.france-frelon.fr\\\/\"},{\"@type\":\"ListItem\",\"position\":2,\"name\":\"Politique de Confidentialit\u00e9\"}]},{\"@type\":\"WebSite\",\"@id\":\"https:\\\/\\\/www.france-frelon.fr\\\/#website\",\"url\":\"https:\\\/\\\/www.france-frelon.fr\\\/\",\"name\":\"France Frelon\",\"description\":\"Sp\u00e9cialiste de la destruction de nid de gu\u00eapes et nid de frelon\",\"potentialAction\":[{\"@type\":\"SearchAction\",\"target\":{\"@type\":\"EntryPoint\",\"urlTemplate\":\"https:\\\/\\\/www.france-frelon.fr\\\/?s={search_term_string}\"},\"query-input\":{\"@type\":\"PropertyValueSpecification\",\"valueRequired\":true,\"valueName\":\"search_term_string\"}}],\"inLanguage\":\"fr-FR\"}]}<\/script>\n<!-- \/ Yoast SEO plugin. -->","yoast_head_json":{"title":"Politique de Confidentialit\u00e9 - France Frelon","robots":{"index":"index","follow":"follow","max-snippet":"max-snippet:-1","max-image-preview":"max-image-preview:large","max-video-preview":"max-video-preview:-1"},"canonical":"https:\/\/www.france-frelon.fr\/?page_id=55","og_locale":"fr_FR","og_type":"article","og_title":"Politique de Confidentialit\u00e9 - France Frelon","og_description":"POLITIQUE DE CONFIDENTIALIT\u00c9 &nbsp; Utilisation des donn\u00e9es personnelles collect\u00e9es 1-Commentaires Quand vous laissez un commentaire sur notre site web, les donn\u00e9es inscrites dans le formulaire de commentaire, mais aussi votre adresse IP et l\u2019agent utilisateur de votre navigateur sont collect\u00e9s pour nous aider \u00e0 la d\u00e9tection des commentaires ind\u00e9sirables. Une cha\u00eene anonymis\u00e9e cr\u00e9\u00e9e \u00e0 partir de votre adresse de messagerie (\u00e9galement appel\u00e9e hash) peut \u00eatre envoy\u00e9e au service Gravatar pour v\u00e9rifier si vous utilisez ce dernier. Les clauses de confidentialit\u00e9 du service Gravatar sont disponibles ici : https:\/\/automattic.com\/privacy\/. Apr\u00e8s validation de votre commentaire, votre photo de profil sera visible publiquement \u00e0 c\u00f4t\u00e9 de votre commentaire. 2-Cookies Si vous d\u00e9posez un commentaire sur notre site, il vous sera propos\u00e9 d\u2019enregistrer votre nom, adresse de messagerie et site web dans des cookies. C\u2019est uniquement pour votre confort afin de ne pas avoir \u00e0 saisir ces informations si vous d\u00e9posez un autre commentaire plus tard. Ces cookies expirent au bout d\u2019un an. Si vous avez un compte et que vous vous connectez sur ce site, un cookie temporaire sera cr\u00e9\u00e9 afin de d\u00e9terminer si votre navigateur accepte les cookies. Il ne contient pas de donn\u00e9es personnelles et sera supprim\u00e9 automatiquement \u00e0 la fermeture [&hellip;]","og_url":"https:\/\/www.france-frelon.fr\/?page_id=55","og_site_name":"France Frelon","article_modified_time":"2026-01-14T20:07:50+00:00","twitter_card":"summary_large_image","twitter_misc":{"Dur\u00e9e de lecture estim\u00e9e":"8 minutes"},"schema":{"@context":"https:\/\/schema.org","@graph":[{"@type":"WebPage","@id":"https:\/\/www.france-frelon.fr\/?page_id=55","url":"https:\/\/www.france-frelon.fr\/?page_id=55","name":"Politique de Confidentialit\u00e9 - France Frelon","isPartOf":{"@id":"https:\/\/www.france-frelon.fr\/#website"},"datePublished":"2018-12-16T16:43:30+00:00","dateModified":"2026-01-14T20:07:50+00:00","breadcrumb":{"@id":"https:\/\/www.france-frelon.fr\/?page_id=55#breadcrumb"},"inLanguage":"fr-FR","potentialAction":[{"@type":"ReadAction","target":["https:\/\/www.france-frelon.fr\/?page_id=55"]}]},{"@type":"BreadcrumbList","@id":"https:\/\/www.france-frelon.fr\/?page_id=55#breadcrumb","itemListElement":[{"@type":"ListItem","position":1,"name":"Accueil","item":"https:\/\/www.france-frelon.fr\/"},{"@type":"ListItem","position":2,"name":"Politique de Confidentialit\u00e9"}]},{"@type":"WebSite","@id":"https:\/\/www.france-frelon.fr\/#website","url":"https:\/\/www.france-frelon.fr\/","name":"France Frelon","description":"Sp\u00e9cialiste de la destruction de nid de gu\u00eapes et nid de frelon","potentialAction":[{"@type":"SearchAction","target":{"@type":"EntryPoint","urlTemplate":"https:\/\/www.france-frelon.fr\/?s={search_term_string}"},"query-input":{"@type":"PropertyValueSpecification","valueRequired":true,"valueName":"search_term_string"}}],"inLanguage":"fr-FR"}]}},"_links":{"self":[{"href":"https:\/\/www.france-frelon.fr\/index.php?rest_route=\/wp\/v2\/pages\/55","targetHints":{"allow":["GET"]}}],"collection":[{"href":"https:\/\/www.france-frelon.fr\/index.php?rest_route=\/wp\/v2\/pages"}],"about":[{"href":"https:\/\/www.france-frelon.fr\/index.php?rest_route=\/wp\/v2\/types\/page"}],"author":[{"embeddable":true,"href":"https:\/\/www.france-frelon.fr\/index.php?rest_route=\/wp\/v2\/users\/1"}],"replies":[{"embeddable":true,"href":"https:\/\/www.france-frelon.fr\/index.php?rest_route=%2Fwp%2Fv2%2Fcomments&post=55"}],"version-history":[{"count":6,"href":"https:\/\/www.france-frelon.fr\/index.php?rest_route=\/wp\/v2\/pages\/55\/revisions"}],"predecessor-version":[{"id":229819,"href":"https:\/\/www.france-frelon.fr\/index.php?rest_route=\/wp\/v2\/pages\/55\/revisions\/229819"}],"wp:attachment":[{"href":"https:\/\/www.france-frelon.fr\/index.php?rest_route=%2Fwp%2Fv2%2Fmedia&parent=55"}],"curies":[{"name":"wp","href":"https:\/\/api.w.org\/{rel}","templated":true}]}}